{"id":251,"date":"2023-03-28T11:41:56","date_gmt":"2023-03-28T09:41:56","guid":{"rendered":"https:\/\/www.marcoabogado.es\/inicio\/"},"modified":"2024-12-03T12:07:53","modified_gmt":"2024-12-03T11:07:53","slug":"inicio","status":"publish","type":"page","link":"https:\/\/www.marcoabogado.es\/en","title":{"rendered":"Start"},"content":{"rendered":"<div data-elementor-type=\"wp-page\" data-elementor-id=\"251\" class=\"elementor elementor-251\" data-elementor-post-type=\"page\">\n\t\t\t\t\t\t<section class=\"elementor-section elementor-top-section elementor-element elementor-element-566ef208 elementor-section-full_width elementor-section-height-default elementor-section-height-default\" data-id=\"566ef208\" data-element_type=\"section\">\n\t\t\t\t\t\t<div class=\"elementor-container elementor-column-gap-no\">\n\t\t\t\t\t<div class=\"elementor-column elementor-col-100 elementor-top-column elementor-element elementor-element-7be7d58b\" data-id=\"7be7d58b\" data-element_type=\"column\">\n\t\t\t<div class=\"elementor-widget-wrap elementor-element-populated\">\n\t\t\t\t\t\t<div class=\"elementor-element elementor-element-606cb2ee elementor--h-position-center elementor--v-position-middle elementor-arrows-position-inside elementor-pagination-position-inside elementor-widget elementor-widget-slides\" data-id=\"606cb2ee\" data-element_type=\"widget\" data-settings=\"{&quot;navigation&quot;:&quot;both&quot;,&quot;autoplay&quot;:&quot;yes&quot;,&quot;pause_on_hover&quot;:&quot;yes&quot;,&quot;pause_on_interaction&quot;:&quot;yes&quot;,&quot;autoplay_speed&quot;:5000,&quot;infinite&quot;:&quot;yes&quot;,&quot;transition&quot;:&quot;slide&quot;,&quot;transition_speed&quot;:500}\" data-widget_type=\"slides.default\">\n\t\t\t\t<div class=\"elementor-widget-container\">\n\t\t\t\t\t\t\t\t\t<div class=\"elementor-swiper\">\n\t\t\t\t\t<div class=\"elementor-slides-wrapper elementor-main-swiper swiper\" role=\"region\" aria-roledescription=\"carousel\" aria-label=\"Slides\" dir=\"ltr\" data-animation=\"fadeInUp\">\n\t\t\t\t<div class=\"swiper-wrapper elementor-slides\">\n\t\t\t\t\t\t\t\t\t\t<div class=\"elementor-repeater-item-2e95201 swiper-slide\" role=\"group\" aria-roledescription=\"slide\"><div class=\"swiper-slide-bg elementor-ken-burns elementor-ken-burns--in\" role=\"img\"><\/div><div class=\"elementor-background-overlay\"><\/div><a class=\"swiper-slide-inner\" href=\"https:\/\/www.marcoabogado.es\/en\/contact\/\"><div class=\"swiper-slide-contents\"><div class=\"elementor-slide-heading\">Your legal advice from Asturias <br> for the whole country<\/div><div class=\"elementor-slide-description\"> <\/div><div  class=\"elementor-button elementor-slide-button elementor-size-sm\">Ask for information<\/div><\/div><\/a><\/div><div class=\"elementor-repeater-item-fe52535 swiper-slide\" role=\"group\" aria-roledescription=\"slide\"><div class=\"swiper-slide-bg elementor-ken-burns elementor-ken-burns--in\" role=\"img\"><\/div><div class=\"elementor-background-overlay\"><\/div><a class=\"swiper-slide-inner\" href=\"https:\/\/www.marcoabogado.es\/en\/contact\/\"><div class=\"swiper-slide-contents\"><div class=\"elementor-slide-heading\">Three decades defending your rights with professionalism and success<\/div><div class=\"elementor-slide-description\">\n<\/div><div  class=\"elementor-button elementor-slide-button elementor-size-sm\">Ask for information<\/div><\/div><\/a><\/div>\t\t\t\t<\/div>\n\t\t\t\t\t\t\t\t\t\t\t\t\t\t\t<div class=\"elementor-swiper-button elementor-swiper-button-prev\" role=\"button\" tabindex=\"0\" aria-label=\"Previous slide\">\n\t\t\t\t\t\t\t<i aria-hidden=\"true\" class=\"eicon-chevron-left\"><\/i>\t\t\t\t\t\t<\/div>\n\t\t\t\t\t\t<div class=\"elementor-swiper-button elementor-swiper-button-next\" role=\"button\" tabindex=\"0\" aria-label=\"Next slide\">\n\t\t\t\t\t\t\t<i aria-hidden=\"true\" class=\"eicon-chevron-right\"><\/i>\t\t\t\t\t\t<\/div>\n\t\t\t\t\t\t\t\t\t\t\t\t\t\t\t\t<div class=\"swiper-pagination\"><\/div>\n\t\t\t\t\t\t\t\t\t\t\t\t<\/div>\n\t\t\t\t<\/div>\n\t\t\t\t\t\t\t\t<\/div>\n\t\t\t\t<\/div>\n\t\t\t\t\t<\/div>\n\t\t<\/div>\n\t\t\t\t\t<\/div>\n\t\t<\/section>\n\t\t\t\t<section class=\"elementor-section elementor-top-section elementor-element elementor-element-50a458d2 elementor-section-full_width elementor-section-height-default elementor-section-height-default\" data-id=\"50a458d2\" data-element_type=\"section\">\n\t\t\t\t\t\t<div class=\"elementor-container elementor-column-gap-default\">\n\t\t\t\t\t<div class=\"elementor-column elementor-col-25 elementor-top-column elementor-element elementor-element-57d6eea1 elementor-hidden-tablet elementor-hidden-mobile\" data-id=\"57d6eea1\" data-element_type=\"column\">\n\t\t\t<div class=\"elementor-widget-wrap\">\n\t\t\t\t\t\t\t<\/div>\n\t\t<\/div>\n\t\t\t\t<div class=\"elementor-column elementor-col-25 elementor-top-column elementor-element elementor-element-2db83dbc elementor-invisible\" data-id=\"2db83dbc\" data-element_type=\"column\" data-settings=\"{&quot;background_background&quot;:&quot;classic&quot;,&quot;animation&quot;:&quot;fadeInLeft&quot;,&quot;animation_mobile&quot;:&quot;none&quot;}\">\n\t\t\t<div class=\"elementor-widget-wrap elementor-element-populated\">\n\t\t\t\t\t\t<div class=\"elementor-element elementor-element-3a1939e elementor-widget elementor-widget-heading\" data-id=\"3a1939e\" data-element_type=\"widget\" data-widget_type=\"heading.default\">\n\t\t\t\t<div class=\"elementor-widget-container\">\n\t\t\t\t\t<h1 class=\"elementor-heading-title elementor-size-default\">MARCO SU\u00c1REZ abogado<\/h1>\t\t\t\t<\/div>\n\t\t\t\t<\/div>\n\t\t\t\t<div class=\"elementor-element elementor-element-6c435a7a elementor-widget elementor-widget-text-editor\" data-id=\"6c435a7a\" data-element_type=\"widget\" data-widget_type=\"text-editor.default\">\n\t\t\t\t<div class=\"elementor-widget-container\">\n\t\t\t\t\t\t\t\t\t<p><span style=\"color: var( --e-global-color-primary );\">Welcome to the office of Marco Su\u00e1rez, where legal experience meets personalized dedication. Don&#039;t you know us yet? Let me introduce myself.<\/span><\/p><p>At my office, we stand out for offering <b>innovative and effective legal solutions. My team of professionals is committed to defending your rights<\/b> and resolving your legal problems efficiently.<\/p><p>Why choose us? Not only are we experts in various legal areas, such as civil law, criminal law, inheritances and more, but we also value the personal relationship with our clients. <b>At Marco Abogado, you are not just another case; you are a priority.<\/b><\/p><p><b>We also value the personal relationship with our clients and above all honesty when addressing their legal problems.<\/b><\/p>\t\t\t\t\t\t\t\t<\/div>\n\t\t\t\t<\/div>\n\t\t\t\t<div class=\"elementor-element elementor-element-1ba3d632 elementor-align-right elementor-widget elementor-widget-button\" data-id=\"1ba3d632\" data-element_type=\"widget\" data-widget_type=\"button.default\">\n\t\t\t\t<div class=\"elementor-widget-container\">\n\t\t\t\t\t\t\t\t\t<div class=\"elementor-button-wrapper\">\n\t\t\t\t\t<a class=\"elementor-button elementor-button-link elementor-size-sm\" href=\"https:\/\/www.marcoabogado.es\/en\/contact\/\">\n\t\t\t\t\t\t<span class=\"elementor-button-content-wrapper\">\n\t\t\t\t\t\t\t\t\t<span class=\"elementor-button-text\">Ask for information<\/span>\n\t\t\t\t\t<\/span>\n\t\t\t\t\t<\/a>\n\t\t\t\t<\/div>\n\t\t\t\t\t\t\t\t<\/div>\n\t\t\t\t<\/div>\n\t\t\t\t\t<\/div>\n\t\t<\/div>\n\t\t\t\t<div class=\"elementor-column elementor-col-25 elementor-top-column elementor-element elementor-element-b3c16f2 elementor-invisible\" data-id=\"b3c16f2\" data-element_type=\"column\" data-settings=\"{&quot;background_background&quot;:&quot;classic&quot;,&quot;animation&quot;:&quot;fadeInRight&quot;,&quot;animation_mobile&quot;:&quot;none&quot;}\">\n\t\t\t<div class=\"elementor-widget-wrap elementor-element-populated\">\n\t\t\t\t\t\t<div class=\"elementor-element elementor-element-1fe0e941 elementor-widget elementor-widget-spacer\" data-id=\"1fe0e941\" data-element_type=\"widget\" data-widget_type=\"spacer.default\">\n\t\t\t\t<div class=\"elementor-widget-container\">\n\t\t\t\t\t\t\t<div class=\"elementor-spacer\">\n\t\t\t<div class=\"elementor-spacer-inner\"><\/div>\n\t\t<\/div>\n\t\t\t\t\t\t<\/div>\n\t\t\t\t<\/div>\n\t\t\t\t\t<\/div>\n\t\t<\/div>\n\t\t\t\t<div class=\"elementor-column elementor-col-25 elementor-top-column elementor-element elementor-element-6dea537e elementor-hidden-mobile elementor-hidden-tablet\" data-id=\"6dea537e\" data-element_type=\"column\">\n\t\t\t<div class=\"elementor-widget-wrap\">\n\t\t\t\t\t\t\t<\/div>\n\t\t<\/div>\n\t\t\t\t\t<\/div>\n\t\t<\/section>\n\t\t\t\t<section class=\"elementor-section elementor-top-section elementor-element elementor-element-3d2f729 elementor-section-full_width elementor-hidden-tablet elementor-reverse-mobile elementor-section-height-default elementor-section-height-default\" data-id=\"3d2f729\" data-element_type=\"section\">\n\t\t\t\t\t\t<div class=\"elementor-container elementor-column-gap-no\">\n\t\t\t\t\t<div class=\"elementor-column elementor-col-25 elementor-top-column elementor-element elementor-element-3f058993 elementor-hidden-mobile elementor-hidden-tablet\" data-id=\"3f058993\" data-element_type=\"column\">\n\t\t\t<div class=\"elementor-widget-wrap\">\n\t\t\t\t\t\t\t<\/div>\n\t\t<\/div>\n\t\t\t\t<div class=\"elementor-column elementor-col-25 elementor-top-column elementor-element elementor-element-2ab93286 elementor-hidden-tablet elementor-invisible\" data-id=\"2ab93286\" data-element_type=\"column\" data-settings=\"{&quot;background_background&quot;:&quot;classic&quot;,&quot;animation&quot;:&quot;fadeInUp&quot;}\">\n\t\t\t<div class=\"elementor-widget-wrap elementor-element-populated\">\n\t\t\t\t\t\t<div class=\"elementor-element elementor-element-375876cc elementor-invisible elementor-widget elementor-widget-spacer\" data-id=\"375876cc\" data-element_type=\"widget\" data-settings=\"{&quot;_animation&quot;:&quot;fadeInUp&quot;}\" data-widget_type=\"spacer.default\">\n\t\t\t\t<div class=\"elementor-widget-container\">\n\t\t\t\t\t\t\t<div class=\"elementor-spacer\">\n\t\t\t<div class=\"elementor-spacer-inner\"><\/div>\n\t\t<\/div>\n\t\t\t\t\t\t<\/div>\n\t\t\t\t<\/div>\n\t\t\t\t\t<\/div>\n\t\t<\/div>\n\t\t\t\t<div class=\"elementor-column elementor-col-25 elementor-top-column elementor-element elementor-element-3705022c\" data-id=\"3705022c\" data-element_type=\"column\" data-settings=\"{&quot;background_background&quot;:&quot;classic&quot;}\">\n\t\t\t<div class=\"elementor-widget-wrap elementor-element-populated\">\n\t\t\t\t\t\t<section class=\"elementor-section elementor-inner-section elementor-element elementor-element-276e0bdf elementor-section-height-min-height elementor-reverse-mobile elementor-section-boxed elementor-section-height-default\" data-id=\"276e0bdf\" data-element_type=\"section\">\n\t\t\t\t\t\t\t<div class=\"elementor-background-overlay\"><\/div>\n\t\t\t\t\t\t\t<div class=\"elementor-container elementor-column-gap-default\">\n\t\t\t\t\t<div class=\"elementor-column elementor-col-100 elementor-inner-column elementor-element elementor-element-75bce93d\" data-id=\"75bce93d\" data-element_type=\"column\" data-settings=\"{&quot;background_background&quot;:&quot;classic&quot;}\">\n\t\t\t<div class=\"elementor-widget-wrap elementor-element-populated\">\n\t\t\t\t\t\t<div class=\"elementor-element elementor-element-fe9e59d elementor-widget elementor-widget-heading\" data-id=\"fe9e59d\" data-element_type=\"widget\" data-widget_type=\"heading.default\">\n\t\t\t\t<div class=\"elementor-widget-container\">\n\t\t\t\t\t<h2 class=\"elementor-heading-title elementor-size-default\">Our services<\/h2>\t\t\t\t<\/div>\n\t\t\t\t<\/div>\n\t\t\t\t<div class=\"elementor-element elementor-element-61501875 elementor-widget elementor-widget-text-editor\" data-id=\"61501875\" data-element_type=\"widget\" data-widget_type=\"text-editor.default\">\n\t\t\t\t<div class=\"elementor-widget-container\">\n\t\t\t\t\t\t\t\t\t<p class=\"p1\">In our office, we stand out for providing comprehensive legal services that range from the resolution of civil disputes and criminal defense to advice on family issues, inheritances, banking contracts, property liability, evictions, leases, incapacitations...&nbsp;<\/p>\t\t\t\t\t\t\t\t<\/div>\n\t\t\t\t<\/div>\n\t\t\t\t<div class=\"elementor-element elementor-element-6115599 elementor-align-right elementor-widget elementor-widget-button\" data-id=\"6115599\" data-element_type=\"widget\" roll=\"buttom\" data-widget_type=\"button.default\">\n\t\t\t\t<div class=\"elementor-widget-container\">\n\t\t\t\t\t\t\t\t\t<div class=\"elementor-button-wrapper\">\n\t\t\t\t\t<a class=\"elementor-button elementor-button-link elementor-size-sm\" href=\"https:\/\/www.marcoabogado.es\/en\/services\/\">\n\t\t\t\t\t\t<span class=\"elementor-button-content-wrapper\">\n\t\t\t\t\t\t\t\t\t<span class=\"elementor-button-text\">Learn about our services...<\/span>\n\t\t\t\t\t<\/span>\n\t\t\t\t\t<\/a>\n\t\t\t\t<\/div>\n\t\t\t\t\t\t\t\t<\/div>\n\t\t\t\t<\/div>\n\t\t\t\t\t<\/div>\n\t\t<\/div>\n\t\t\t\t\t<\/div>\n\t\t<\/section>\n\t\t\t\t\t<\/div>\n\t\t<\/div>\n\t\t\t\t<div class=\"elementor-column elementor-col-25 elementor-top-column elementor-element elementor-element-37afbdfa elementor-hidden-mobile elementor-hidden-tablet\" data-id=\"37afbdfa\" data-element_type=\"column\">\n\t\t\t<div class=\"elementor-widget-wrap\">\n\t\t\t\t\t\t\t<\/div>\n\t\t<\/div>\n\t\t\t\t\t<\/div>\n\t\t<\/section>\n\t\t\t\t<\/div>","protected":false},"excerpt":{"rendered":"<p>Tu asesoramiento legal desde Asturias para todo el pa\u00eds Solicitar informaci\u00f3nTres d\u00e9cadas defendiendo tus derechos con profesionalidad y \u00e9xito Solicitar informaci\u00f3n Diapositiva anterior Diapositiva siguiente MARCO SU\u00c1REZ abogado Bienvenido al despacho de Marco Su\u00e1rez, donde la experiencia legal se encuentra con la dedicaci\u00f3n personalizada. \u00bfA\u00fan no nos conoces? Perm\u00edteme presentarme. En mi despacho, nos destacamos [&hellip;]<\/p>","protected":false},"author":4,"featured_media":1110,"parent":0,"menu_order":4,"comment_status":"closed","ping_status":"closed","template":"","meta":{"_joinchat":[],"footnotes":""},"class_list":["post-251","page","type-page","status-publish","has-post-thumbnail","hentry"],"yoast_head":"<!-- This site is optimized with the Yoast SEO plugin v24.4 - https:\/\/yoast.com\/wordpress\/plugins\/seo\/ -->\n<title>Marco Abogado | Tus abogados en Asturias<\/title>\n<meta name=\"description\" content=\"Ofrecemos servicios integrales en derecho civil, penal, herencias, contratos bancarios, y m\u00e1s. Expertos comprometidos en brindar soluciones legales.\" \/>\n<meta name=\"robots\" content=\"index, follow, max-snippet:-1, max-image-preview:large, max-video-preview:-1\" \/>\n<link rel=\"canonical\" href=\"https:\/\/www.marcoabogado.es\/en\" \/>\n<meta property=\"og:locale\" content=\"en_US\" \/>\n<meta property=\"og:type\" content=\"article\" \/>\n<meta property=\"og:title\" content=\"Marco Abogado | Tus abogados en Asturias\" \/>\n<meta property=\"og:description\" content=\"Ofrecemos servicios integrales en derecho civil, penal, herencias, contratos bancarios, y m\u00e1s. Expertos comprometidos en brindar soluciones legales.\" \/>\n<meta property=\"og:url\" content=\"https:\/\/www.marcoabogado.es\/en\" \/>\n<meta property=\"og:site_name\" content=\"Marco Abogado\" \/>\n<meta property=\"article:modified_time\" content=\"2024-12-03T11:07:53+00:00\" \/>\n<meta property=\"og:image\" content=\"https:\/\/www.marcoabogado.es\/wp-content\/uploads\/2023\/09\/abbotasabogados-0009.jpeg\" \/>\n\t<meta property=\"og:image:width\" content=\"1920\" \/>\n\t<meta property=\"og:image:height\" content=\"1280\" \/>\n\t<meta property=\"og:image:type\" content=\"image\/jpeg\" \/>\n<meta name=\"twitter:card\" content=\"summary_large_image\" \/>\n<script type=\"application\/ld+json\" class=\"yoast-schema-graph\">{\"@context\":\"https:\/\/schema.org\",\"@graph\":[{\"@type\":\"WebPage\",\"@id\":\"https:\/\/www.marcoabogado.es\/\",\"url\":\"https:\/\/www.marcoabogado.es\/\",\"name\":\"Marco Abogado | Tus abogados en Asturias\",\"isPartOf\":{\"@id\":\"https:\/\/www.marcoabogado.es\/#website\"},\"primaryImageOfPage\":{\"@id\":\"https:\/\/www.marcoabogado.es\/#primaryimage\"},\"image\":{\"@id\":\"https:\/\/www.marcoabogado.es\/#primaryimage\"},\"thumbnailUrl\":\"https:\/\/www.marcoabogado.es\/wp-content\/uploads\/2023\/09\/abbotasabogados-0009.jpeg\",\"datePublished\":\"2023-03-28T09:41:56+00:00\",\"dateModified\":\"2024-12-03T11:07:53+00:00\",\"description\":\"Ofrecemos servicios integrales en derecho civil, penal, herencias, contratos bancarios, y m\u00e1s. Expertos comprometidos en brindar soluciones legales.\",\"breadcrumb\":{\"@id\":\"https:\/\/www.marcoabogado.es\/#breadcrumb\"},\"inLanguage\":\"en-US\",\"potentialAction\":[{\"@type\":\"ReadAction\",\"target\":[\"https:\/\/www.marcoabogado.es\/\"]}]},{\"@type\":\"ImageObject\",\"inLanguage\":\"en-US\",\"@id\":\"https:\/\/www.marcoabogado.es\/#primaryimage\",\"url\":\"https:\/\/www.marcoabogado.es\/wp-content\/uploads\/2023\/09\/abbotasabogados-0009.jpeg\",\"contentUrl\":\"https:\/\/www.marcoabogado.es\/wp-content\/uploads\/2023\/09\/abbotasabogados-0009.jpeg\",\"width\":1920,\"height\":1280,\"caption\":\"Business people making an agreement\"},{\"@type\":\"BreadcrumbList\",\"@id\":\"https:\/\/www.marcoabogado.es\/#breadcrumb\",\"itemListElement\":[{\"@type\":\"ListItem\",\"position\":1,\"name\":\"Inicio\",\"item\":\"https:\/\/www.marcoabogado.es\/\"},{\"@type\":\"ListItem\",\"position\":2,\"name\":\"Inicio\"}]},{\"@type\":\"WebSite\",\"@id\":\"https:\/\/www.marcoabogado.es\/#website\",\"url\":\"https:\/\/www.marcoabogado.es\/\",\"name\":\"Marco Abogado\",\"description\":\"Su abogado de confianza\",\"publisher\":{\"@id\":\"https:\/\/www.marcoabogado.es\/#organization\"},\"potentialAction\":[{\"@type\":\"SearchAction\",\"target\":{\"@type\":\"EntryPoint\",\"urlTemplate\":\"https:\/\/www.marcoabogado.es\/?s={search_term_string}\"},\"query-input\":{\"@type\":\"PropertyValueSpecification\",\"valueRequired\":true,\"valueName\":\"search_term_string\"}}],\"inLanguage\":\"en-US\"},{\"@type\":\"Organization\",\"@id\":\"https:\/\/www.marcoabogado.es\/#organization\",\"name\":\"Marco Abogado\",\"url\":\"https:\/\/www.marcoabogado.es\/\",\"logo\":{\"@type\":\"ImageObject\",\"inLanguage\":\"en-US\",\"@id\":\"https:\/\/www.marcoabogado.es\/#\/schema\/logo\/image\/\",\"url\":\"https:\/\/www.marcoabogado.es\/wp-content\/uploads\/2023\/03\/marco-2.svg\",\"contentUrl\":\"https:\/\/www.marcoabogado.es\/wp-content\/uploads\/2023\/03\/marco-2.svg\",\"width\":2628,\"height\":455,\"caption\":\"Marco Abogado\"},\"image\":{\"@id\":\"https:\/\/www.marcoabogado.es\/#\/schema\/logo\/image\/\"}}]}<\/script>\n<!-- \/ Yoast SEO plugin. -->","yoast_head_json":{"title":"Marco Abogado | Tus abogados en Asturias","description":"Ofrecemos servicios integrales en derecho civil, penal, herencias, contratos bancarios, y m\u00e1s. Expertos comprometidos en brindar soluciones legales.","robots":{"index":"index","follow":"follow","max-snippet":"max-snippet:-1","max-image-preview":"max-image-preview:large","max-video-preview":"max-video-preview:-1"},"canonical":"https:\/\/www.marcoabogado.es\/en","og_locale":"en_US","og_type":"article","og_title":"Marco Abogado | Tus abogados en Asturias","og_description":"Ofrecemos servicios integrales en derecho civil, penal, herencias, contratos bancarios, y m\u00e1s. Expertos comprometidos en brindar soluciones legales.","og_url":"https:\/\/www.marcoabogado.es\/en","og_site_name":"Marco Abogado","article_modified_time":"2024-12-03T11:07:53+00:00","og_image":[{"width":1920,"height":1280,"url":"https:\/\/www.marcoabogado.es\/wp-content\/uploads\/2023\/09\/abbotasabogados-0009.jpeg","type":"image\/jpeg"}],"twitter_card":"summary_large_image","schema":{"@context":"https:\/\/schema.org","@graph":[{"@type":"WebPage","@id":"https:\/\/www.marcoabogado.es\/","url":"https:\/\/www.marcoabogado.es\/","name":"Marco Abogado | Tus abogados en Asturias","isPartOf":{"@id":"https:\/\/www.marcoabogado.es\/#website"},"primaryImageOfPage":{"@id":"https:\/\/www.marcoabogado.es\/#primaryimage"},"image":{"@id":"https:\/\/www.marcoabogado.es\/#primaryimage"},"thumbnailUrl":"https:\/\/www.marcoabogado.es\/wp-content\/uploads\/2023\/09\/abbotasabogados-0009.jpeg","datePublished":"2023-03-28T09:41:56+00:00","dateModified":"2024-12-03T11:07:53+00:00","description":"Ofrecemos servicios integrales en derecho civil, penal, herencias, contratos bancarios, y m\u00e1s. Expertos comprometidos en brindar soluciones legales.","breadcrumb":{"@id":"https:\/\/www.marcoabogado.es\/#breadcrumb"},"inLanguage":"en-US","potentialAction":[{"@type":"ReadAction","target":["https:\/\/www.marcoabogado.es\/"]}]},{"@type":"ImageObject","inLanguage":"en-US","@id":"https:\/\/www.marcoabogado.es\/#primaryimage","url":"https:\/\/www.marcoabogado.es\/wp-content\/uploads\/2023\/09\/abbotasabogados-0009.jpeg","contentUrl":"https:\/\/www.marcoabogado.es\/wp-content\/uploads\/2023\/09\/abbotasabogados-0009.jpeg","width":1920,"height":1280,"caption":"Business people making an agreement"},{"@type":"BreadcrumbList","@id":"https:\/\/www.marcoabogado.es\/#breadcrumb","itemListElement":[{"@type":"ListItem","position":1,"name":"Inicio","item":"https:\/\/www.marcoabogado.es\/"},{"@type":"ListItem","position":2,"name":"Inicio"}]},{"@type":"WebSite","@id":"https:\/\/www.marcoabogado.es\/#website","url":"https:\/\/www.marcoabogado.es\/","name":"Marco Abogado","description":"Su abogado de confianza","publisher":{"@id":"https:\/\/www.marcoabogado.es\/#organization"},"potentialAction":[{"@type":"SearchAction","target":{"@type":"EntryPoint","urlTemplate":"https:\/\/www.marcoabogado.es\/?s={search_term_string}"},"query-input":{"@type":"PropertyValueSpecification","valueRequired":true,"valueName":"search_term_string"}}],"inLanguage":"en-US"},{"@type":"Organization","@id":"https:\/\/www.marcoabogado.es\/#organization","name":"Marco Abogado","url":"https:\/\/www.marcoabogado.es\/","logo":{"@type":"ImageObject","inLanguage":"en-US","@id":"https:\/\/www.marcoabogado.es\/#\/schema\/logo\/image\/","url":"https:\/\/www.marcoabogado.es\/wp-content\/uploads\/2023\/03\/marco-2.svg","contentUrl":"https:\/\/www.marcoabogado.es\/wp-content\/uploads\/2023\/03\/marco-2.svg","width":2628,"height":455,"caption":"Marco Abogado"},"image":{"@id":"https:\/\/www.marcoabogado.es\/#\/schema\/logo\/image\/"}}]}},"_links":{"self":[{"href":"https:\/\/www.marcoabogado.es\/en\/wp-json\/wp\/v2\/pages\/251","targetHints":{"allow":["GET"]}}],"collection":[{"href":"https:\/\/www.marcoabogado.es\/en\/wp-json\/wp\/v2\/pages"}],"about":[{"href":"https:\/\/www.marcoabogado.es\/en\/wp-json\/wp\/v2\/types\/page"}],"author":[{"embeddable":true,"href":"https:\/\/www.marcoabogado.es\/en\/wp-json\/wp\/v2\/users\/4"}],"replies":[{"embeddable":true,"href":"https:\/\/www.marcoabogado.es\/en\/wp-json\/wp\/v2\/comments?post=251"}],"version-history":[{"count":5,"href":"https:\/\/www.marcoabogado.es\/en\/wp-json\/wp\/v2\/pages\/251\/revisions"}],"predecessor-version":[{"id":2026,"href":"https:\/\/www.marcoabogado.es\/en\/wp-json\/wp\/v2\/pages\/251\/revisions\/2026"}],"wp:featuredmedia":[{"embeddable":true,"href":"https:\/\/www.marcoabogado.es\/en\/wp-json\/wp\/v2\/media\/1110"}],"wp:attachment":[{"href":"https:\/\/www.marcoabogado.es\/en\/wp-json\/wp\/v2\/media?parent=251"}],"curies":[{"name":"wp","href":"https:\/\/api.w.org\/{rel}","templated":true}]}}