{"id":450,"date":"2023-03-28T18:42:00","date_gmt":"2023-03-28T16:42:00","guid":{"rendered":"https:\/\/www.marcoabogado.es\/?page_id=450"},"modified":"2024-10-01T12:05:29","modified_gmt":"2024-10-01T10:05:29","slug":"nosotros","status":"publish","type":"page","link":"https:\/\/www.marcoabogado.es\/en\/us\/","title":{"rendered":"About us"},"content":{"rendered":"<div data-elementor-type=\"wp-page\" data-elementor-id=\"450\" class=\"elementor elementor-450\" data-elementor-post-type=\"page\">\n\t\t\t\t\t\t<section class=\"elementor-section elementor-top-section elementor-element elementor-element-9c2c4fc elementor-section-full_width elementor-section-height-default elementor-section-height-default\" data-id=\"9c2c4fc\" data-element_type=\"section\">\n\t\t\t\t\t\t<div class=\"elementor-container elementor-column-gap-default\">\n\t\t\t\t\t<div class=\"elementor-column elementor-col-100 elementor-top-column elementor-element elementor-element-0d386c5\" data-id=\"0d386c5\" data-element_type=\"column\" data-settings=\"{&quot;background_background&quot;:&quot;classic&quot;}\">\n\t\t\t<div class=\"elementor-widget-wrap elementor-element-populated\">\n\t\t\t\t\t<div class=\"elementor-background-overlay\"><\/div>\n\t\t\t\t\t\t<div class=\"elementor-element elementor-element-d8e8b69 elementor-widget__width-auto elementor-mobile-align-center elementor-widget-mobile__width-auto elementor-widget elementor-widget-breadcrumbs\" data-id=\"d8e8b69\" data-element_type=\"widget\" data-widget_type=\"breadcrumbs.default\">\n\t\t\t\t<div class=\"elementor-widget-container\">\n\t\t\t\t\t<p id=\"breadcrumbs\"><span><span><a href=\"https:\/\/www.marcoabogado.es\/en\">Start<\/a><\/span><\/span><\/p>\t\t\t\t<\/div>\n\t\t\t\t<\/div>\n\t\t\t\t<div class=\"elementor-element elementor-element-d9bc101 elementor-invisible elementor-widget elementor-widget-heading\" data-id=\"d9bc101\" data-element_type=\"widget\" data-settings=\"{&quot;_animation&quot;:&quot;fadeInUp&quot;}\" data-widget_type=\"heading.default\">\n\t\t\t\t<div class=\"elementor-widget-container\">\n\t\t\t\t\t<h1 class=\"elementor-heading-title elementor-size-default\">Who is Marco Abogado?<\/h1>\t\t\t\t<\/div>\n\t\t\t\t<\/div>\n\t\t\t\t<div class=\"elementor-element elementor-element-2d711c5 elementor-widget-divider--view-line elementor-widget elementor-widget-divider\" data-id=\"2d711c5\" data-element_type=\"widget\" data-widget_type=\"divider.default\">\n\t\t\t\t<div class=\"elementor-widget-container\">\n\t\t\t\t\t\t\t<div class=\"elementor-divider\">\n\t\t\t<span class=\"elementor-divider-separator\">\n\t\t\t\t\t\t<\/span>\n\t\t<\/div>\n\t\t\t\t\t\t<\/div>\n\t\t\t\t<\/div>\n\t\t\t\t\t<\/div>\n\t\t<\/div>\n\t\t\t\t\t<\/div>\n\t\t<\/section>\n\t\t\t\t<section class=\"elementor-section elementor-top-section elementor-element elementor-element-e0a47da elementor-section-full_width elementor-section-height-default elementor-section-height-default\" data-id=\"e0a47da\" data-element_type=\"section\">\n\t\t\t\t\t\t<div class=\"elementor-container elementor-column-gap-default\">\n\t\t\t\t\t<div class=\"elementor-column elementor-col-100 elementor-top-column elementor-element elementor-element-82494c7\" data-id=\"82494c7\" data-element_type=\"column\">\n\t\t\t<div class=\"elementor-widget-wrap elementor-element-populated\">\n\t\t\t\t\t\t<div class=\"elementor-element elementor-element-25bf377 elementor-widget__width-auto elementor-mobile-align-center elementor-widget-mobile__width-auto elementor-widget elementor-widget-breadcrumbs\" data-id=\"25bf377\" data-element_type=\"widget\" data-widget_type=\"breadcrumbs.default\">\n\t\t\t\t<div class=\"elementor-widget-container\">\n\t\t\t\t\t<p id=\"breadcrumbs\"><span><span><a href=\"https:\/\/www.marcoabogado.es\/en\">Start<\/a><\/span><\/span><\/p>\t\t\t\t<\/div>\n\t\t\t\t<\/div>\n\t\t\t\t\t<\/div>\n\t\t<\/div>\n\t\t\t\t\t<\/div>\n\t\t<\/section>\n\t\t\t\t<section class=\"elementor-section elementor-top-section elementor-element elementor-element-1cbe49b elementor-section-boxed elementor-section-height-default elementor-section-height-default\" data-id=\"1cbe49b\" data-element_type=\"section\">\n\t\t\t\t\t\t<div class=\"elementor-container elementor-column-gap-default\">\n\t\t\t\t\t<div class=\"elementor-column elementor-col-100 elementor-top-column elementor-element elementor-element-42dbcd8\" data-id=\"42dbcd8\" data-element_type=\"column\">\n\t\t\t<div class=\"elementor-widget-wrap elementor-element-populated\">\n\t\t\t\t\t\t<div class=\"elementor-element elementor-element-2fed4ce elementor-widget elementor-widget-image\" data-id=\"2fed4ce\" data-element_type=\"widget\" data-widget_type=\"image.default\">\n\t\t\t\t<div class=\"elementor-widget-container\">\n\t\t\t\t\t\t\t\t\t\t\t\t\t\t\t<img fetchpriority=\"high\" decoding=\"async\" width=\"800\" height=\"980\" src=\"https:\/\/www.marcoabogado.es\/wp-content\/uploads\/2024\/06\/captura-de-pantalla-2024-06-04-a-las-17.26.55-836x1024.png\" class=\"attachment-large size-large wp-image-1950\" alt=\"\" srcset=\"https:\/\/www.marcoabogado.es\/wp-content\/uploads\/2024\/06\/captura-de-pantalla-2024-06-04-a-las-17.26.55-836x1024.png 836w, https:\/\/www.marcoabogado.es\/wp-content\/uploads\/2024\/06\/captura-de-pantalla-2024-06-04-a-las-17.26.55-245x300.png 245w, https:\/\/www.marcoabogado.es\/wp-content\/uploads\/2024\/06\/captura-de-pantalla-2024-06-04-a-las-17.26.55-768x941.png 768w, https:\/\/www.marcoabogado.es\/wp-content\/uploads\/2024\/06\/captura-de-pantalla-2024-06-04-a-las-17.26.55-1253x1536.png 1253w, https:\/\/www.marcoabogado.es\/wp-content\/uploads\/2024\/06\/captura-de-pantalla-2024-06-04-a-las-17.26.55-1671x2048.png 1671w, https:\/\/www.marcoabogado.es\/wp-content\/uploads\/2024\/06\/captura-de-pantalla-2024-06-04-a-las-17.26.55-10x12.png 10w, https:\/\/www.marcoabogado.es\/wp-content\/uploads\/2024\/06\/captura-de-pantalla-2024-06-04-a-las-17.26.55.png 1920w\" sizes=\"(max-width: 800px) 100vw, 800px\" \/>\t\t\t\t\t\t\t\t\t\t\t\t\t\t\t<\/div>\n\t\t\t\t<\/div>\n\t\t\t\t\t<\/div>\n\t\t<\/div>\n\t\t\t\t\t<\/div>\n\t\t<\/section>\n\t\t\t\t<section class=\"elementor-section elementor-top-section elementor-element elementor-element-573d441 elementor-section-boxed elementor-section-height-default elementor-section-height-default\" data-id=\"573d441\" data-element_type=\"section\">\n\t\t\t\t\t\t<div class=\"elementor-container elementor-column-gap-default\">\n\t\t\t\t\t<div class=\"elementor-column elementor-col-100 elementor-top-column elementor-element elementor-element-fdd2675\" data-id=\"fdd2675\" data-element_type=\"column\">\n\t\t\t<div class=\"elementor-widget-wrap elementor-element-populated\">\n\t\t\t\t\t\t<div class=\"elementor-element elementor-element-a04e7c6 uael-timeline--center uael-timeline-responsive-tablet uael-timeline-arrow-center elementor-widget elementor-widget-uael-timeline\" data-id=\"a04e7c6\" data-element_type=\"widget\" data-widget_type=\"uael-timeline.default\">\n\t\t\t\t<div class=\"elementor-widget-container\">\n\t\t\t\t\t<div class=\"uael-timeline-wrapper uael-timeline-node\">\n\t\n\t<div class=\"uael-timeline-main\">\n\t\t<div class=\"uael-days\">\n\t\t\t\t\t\t\t\t\t\t\t\t<div class=\"elementor-repeater-item-1b4197d uael-timeline-field animate-border out-view\">\n\t\t\t\t\t\t<div class=\"uael-timeline-widget uael-timeline-right\">\n\t\t\t\t\t\t\t<div class=\"uael-timeline-marker\">\n\t\t\t\t\t\t\t\t<span class=\"timeline-icon-new out-view-timeline-icon\">\n\t\t\t\t\t\t\t\t\t<i aria-hidden=\"true\" class=\"fa fa-calendar\"><\/i>\t\t\t\t\t\t\t\t<\/span>\n\t\t\t\t\t\t\t<\/div>\n\n\t\t\t\t\t\t\t<div class=\"uael-day-new uael-day-right\">\n\t\t\t\t\t\t\t\t<div class=\"uael-events-new\">\n\t\t\t\t\t\t\t\t\t\t\t\t\t\t\t\t\t\t<div class=\"uael-events-inner-new\">\n\t\t\t\t\t\t\t\t\t\t\t\t\t\t\t\t\t\t\t\t\t<div class=\"uael-timeline-date-hide uael-date-inner\"><div class=\"inner-date-new\"><p >1969<\/p><\/div>\n\t\t\t\t\t\t\t\t\t\t\t<\/div>\n\t\t\t\t\t\t\t\t\t\t\t\t\t\t\t\t\t\t\t\t<div class=\"uael-content\">\n\t\t\t\t\t\t\t\t\t\t\t\t\t\t\t\t\t\t\t\t\t\t\t\t\t\t\t\t\t\t\t\t\t<div class=\"uael-timeline-heading-text\">\n\t\t\t\t\t\t\t\t\t\t\t\t<h3 class=\"uael-timeline-heading\">office foundation<\/h3> \t\t\t\t\t\t\t\t\t\t\t<\/div>\n\t\t\t\t\t\t\t\t\t\t\t\t\t\t\t\t\t\t\t\t\t\t\t\t\t\t\t\t\t\t\t\t\t\t\t\t\t\t\t\t\t\t\t\t\t\t\t\t\t\t\t\t\t\t\t\t<div class=\"uael-timeline-desc-content\"><p>Jose Luis Su\u00e1rez Men\u00e9ndez opens his office in the center of Avil\u00e9s, specializing in civil law.<\/p><\/div> \t\t\t\t\t\t\t\t\t\t\t\t\t\t\t\t\t\t\t\t\t\t\t\t\t\t\t\t\t\t\t\t<\/div>\n\t\t\t\t\t\t\t\t\t\t\t\t\t\t\t\t\t\t\t\t\t\t\t<div class=\"uael-timeline-arrow\"><\/div>\n\t\t\t\t\t\t\t\t\t\t\t\t\t\t\t\t\t\t\t\t<\/div>\n\t\t\t\t\t\t\t\t\t\t\t\t\t\t\t\t\t<\/div>\n\t\t\t\t\t\t\t<\/div>\n\t\t\t\t\t\t\t\t\t\t\t\t\t\t\t<div class=\"uael-timeline-date-new\">\n\t\t\t\t\t\t\t\t\t<div class=\"uael-date-new\"><div class=\"inner-date-new\"><div >1969<\/div><\/div>\n\t\t\t\t\t\t\t\t\t<\/div>\n\t\t\t\t\t\t\t\t<\/div>\n\t\t\t\t\t\t\t\t\t\t\t\t\t<\/div>\n\t\t\t\t\t<\/div>\n\t\t\t\t\t\t\t\t\t\t\t\t\t\t\t\t\t<div class=\"elementor-repeater-item-f8cab88 uael-timeline-field animate-border out-view\">\n\t\t\t\t\t\t<div class=\"uael-timeline-widget uael-timeline-left\">\n\t\t\t\t\t\t\t<div class=\"uael-timeline-marker\">\n\t\t\t\t\t\t\t\t<span class=\"timeline-icon-new out-view-timeline-icon\">\n\t\t\t\t\t\t\t\t\t<i aria-hidden=\"true\" class=\"fa fa-calendar\"><\/i>\t\t\t\t\t\t\t\t<\/span>\n\t\t\t\t\t\t\t<\/div>\n\n\t\t\t\t\t\t\t<div class=\"uael-day-new uael-day-left\">\n\t\t\t\t\t\t\t\t<div class=\"uael-events-new\">\n\t\t\t\t\t\t\t\t\t\t\t\t\t\t\t\t\t\t<div class=\"uael-events-inner-new\">\n\t\t\t\t\t\t\t\t\t\t\t\t\t\t\t\t\t\t\t\t\t<div class=\"uael-timeline-date-hide uael-date-inner\"><div class=\"inner-date-new\"><p >1999<\/p><\/div>\n\t\t\t\t\t\t\t\t\t\t\t<\/div>\n\t\t\t\t\t\t\t\t\t\t\t\t\t\t\t\t\t\t\t\t<div class=\"uael-content\">\n\t\t\t\t\t\t\t\t\t\t\t\t\t\t\t\t\t\t\t\t\t\t\t\t\t\t\t\t\t\t\t\t\t<div class=\"uael-timeline-heading-text\">\n\t\t\t\t\t\t\t\t\t\t\t\t<h3 class=\"uael-timeline-heading\">Second generation<\/h3> \t\t\t\t\t\t\t\t\t\t\t<\/div>\n\t\t\t\t\t\t\t\t\t\t\t\t\t\t\t\t\t\t\t\t\t\t\t\t\t\t\t\t\t\t\t\t\t\t\t\t\t\t\t\t\t\t\t\t\t\t\t\t\t\t\t\t\t\t\t\t<div class=\"uael-timeline-desc-content\"><p>His sons Marco and Andr\u00e9s, Su\u00e1rez Diez, join the office, which moves to its current address. They expand their legal services to the variety that is currently offered.<\/p><\/div> \t\t\t\t\t\t\t\t\t\t\t\t\t\t\t\t\t\t\t\t\t\t\t\t\t\t\t\t\t\t\t\t<\/div>\n\t\t\t\t\t\t\t\t\t\t\t\t\t\t\t\t\t\t\t\t\t\t\t<div class=\"uael-timeline-arrow\"><\/div>\n\t\t\t\t\t\t\t\t\t\t\t\t\t\t\t\t\t\t\t\t<\/div>\n\t\t\t\t\t\t\t\t\t\t\t\t\t\t\t\t\t<\/div>\n\t\t\t\t\t\t\t<\/div>\n\t\t\t\t\t\t\t\t\t\t\t\t\t\t\t<div class=\"uael-timeline-date-new\">\n\t\t\t\t\t\t\t\t\t<div class=\"uael-date-new\"><div class=\"inner-date-new\"><div >1999<\/div><\/div>\n\t\t\t\t\t\t\t\t\t<\/div>\n\t\t\t\t\t\t\t\t<\/div>\n\t\t\t\t\t\t\t\t\t\t\t\t\t<\/div>\n\t\t\t\t\t<\/div>\n\t\t\t\t\t\t\t\t\t\t\t\t\t\t\t\t\t<div class=\"elementor-repeater-item-6b34d55 uael-timeline-field animate-border out-view\">\n\t\t\t\t\t\t<div class=\"uael-timeline-widget uael-timeline-right\">\n\t\t\t\t\t\t\t<div class=\"uael-timeline-marker\">\n\t\t\t\t\t\t\t\t<span class=\"timeline-icon-new out-view-timeline-icon\">\n\t\t\t\t\t\t\t\t\t<i aria-hidden=\"true\" class=\"fa fa-calendar\"><\/i>\t\t\t\t\t\t\t\t<\/span>\n\t\t\t\t\t\t\t<\/div>\n\n\t\t\t\t\t\t\t<div class=\"uael-day-new uael-day-right\">\n\t\t\t\t\t\t\t\t<div class=\"uael-events-new\">\n\t\t\t\t\t\t\t\t\t\t\t\t\t\t\t\t\t\t<div class=\"uael-events-inner-new\">\n\t\t\t\t\t\t\t\t\t\t\t\t\t\t\t\t\t\t\t\t\t<div class=\"uael-timeline-date-hide uael-date-inner\"><div class=\"inner-date-new\"><p >2004<\/p><\/div>\n\t\t\t\t\t\t\t\t\t\t\t<\/div>\n\t\t\t\t\t\t\t\t\t\t\t\t\t\t\t\t\t\t\t\t<div class=\"uael-content\">\n\t\t\t\t\t\t\t\t\t\t\t\t\t\t\t\t\t\t\t\t\t\t\t\t\t\t\t\t\t\t\t\t\t<div class=\"uael-timeline-heading-text\">\n\t\t\t\t\t\t\t\t\t\t\t\t<h3 class=\"uael-timeline-heading\">Current stage<\/h3> \t\t\t\t\t\t\t\t\t\t\t<\/div>\n\t\t\t\t\t\t\t\t\t\t\t\t\t\t\t\t\t\t\t\t\t\t\t\t\t\t\t\t\t\t\t\t\t\t\t\t\t\t\t\t\t\t\t\t\t\t\t\t\t\t\t\t\t\t\t\t<div class=\"uael-timeline-desc-content\"><p>Andr\u00e9s Su\u00e1rez begins a new stage in Madrid, leaving Marco at the head of the office together with his current collaborators.<\/p><\/div> \t\t\t\t\t\t\t\t\t\t\t\t\t\t\t\t\t\t\t\t\t\t\t\t\t\t\t\t\t\t\t\t<\/div>\n\t\t\t\t\t\t\t\t\t\t\t\t\t\t\t\t\t\t\t\t\t\t\t<div class=\"uael-timeline-arrow\"><\/div>\n\t\t\t\t\t\t\t\t\t\t\t\t\t\t\t\t\t\t\t\t<\/div>\n\t\t\t\t\t\t\t\t\t\t\t\t\t\t\t\t\t<\/div>\n\t\t\t\t\t\t\t<\/div>\n\t\t\t\t\t\t\t\t\t\t\t\t\t\t\t<div class=\"uael-timeline-date-new\">\n\t\t\t\t\t\t\t\t\t<div class=\"uael-date-new\"><div class=\"inner-date-new\"><div >2004<\/div><\/div>\n\t\t\t\t\t\t\t\t\t<\/div>\n\t\t\t\t\t\t\t\t<\/div>\n\t\t\t\t\t\t\t\t\t\t\t\t\t<\/div>\n\t\t\t\t\t<\/div>\n\t\t\t\t\t\t\t\t\t\t<\/div>\n\t\t<div class=\"uael-timeline__line\">\n\t\t\t<div class=\"uael-timeline__line__inner\"><\/div>\n\t\t<\/div>\n\t<\/div>\n<\/div>\n\n\t\t\t\t<\/div>\n\t\t\t\t<\/div>\n\t\t\t\t<div class=\"elementor-element elementor-element-f648ceb elementor-hidden-tablet elementor-hidden-mobile elementor-widget elementor-widget-image\" data-id=\"f648ceb\" data-element_type=\"widget\" data-widget_type=\"image.default\">\n\t\t\t\t<div class=\"elementor-widget-container\">\n\t\t\t\t\t\t\t\t\t\t\t\t\t\t\t<img decoding=\"async\" src=\"https:\/\/www.marcoabogado.es\/wp-content\/plugins\/elementor\/assets\/images\/placeholder.png\" title=\"\" alt=\"\" loading=\"lazy\" \/>\t\t\t\t\t\t\t\t\t\t\t\t\t\t\t<\/div>\n\t\t\t\t<\/div>\n\t\t\t\t\t<\/div>\n\t\t<\/div>\n\t\t\t\t\t<\/div>\n\t\t<\/section>\n\t\t\t\t<section class=\"elementor-section elementor-top-section elementor-element elementor-element-f4a4719 elementor-section-boxed elementor-section-height-default elementor-section-height-default\" data-id=\"f4a4719\" data-element_type=\"section\">\n\t\t\t\t\t\t<div class=\"elementor-container elementor-column-gap-default\">\n\t\t\t\t\t<div class=\"elementor-column elementor-col-100 elementor-top-column elementor-element elementor-element-ca74e22\" data-id=\"ca74e22\" data-element_type=\"column\">\n\t\t\t<div class=\"elementor-widget-wrap elementor-element-populated\">\n\t\t\t\t\t\t<div class=\"elementor-element elementor-element-b0a4c6e elementor-align-center elementor-widget elementor-widget-button\" data-id=\"b0a4c6e\" data-element_type=\"widget\" data-widget_type=\"button.default\">\n\t\t\t\t<div class=\"elementor-widget-container\">\n\t\t\t\t\t\t\t\t\t<div class=\"elementor-button-wrapper\">\n\t\t\t\t\t<a class=\"elementor-button elementor-button-link elementor-size-md elementor-animation-grow\" href=\"https:\/\/www.marcoabogado.es\/en\/contact\/\">\n\t\t\t\t\t\t<span class=\"elementor-button-content-wrapper\">\n\t\t\t\t\t\t\t\t\t<span class=\"elementor-button-text\">Ask for more information<\/span>\n\t\t\t\t\t<\/span>\n\t\t\t\t\t<\/a>\n\t\t\t\t<\/div>\n\t\t\t\t\t\t\t\t<\/div>\n\t\t\t\t<\/div>\n\t\t\t\t\t<\/div>\n\t\t<\/div>\n\t\t\t\t\t<\/div>\n\t\t<\/section>\n\t\t\t\t<\/div>","protected":false},"excerpt":{"rendered":"<p>\u00bfQui\u00e9n es Marco Abogado? 1969 Fundaci\u00f3n despacho Jose Luis Su\u00e1rez Men\u00e9ndez abre su despacho en el centro de Avil\u00e9s, especializ\u00e1ndose en derecho civil. 1969 1999 Segunda generaci\u00f3n Sus hijos Marco y Andr\u00e9s, Su\u00e1rez Diez, se incorporan al despacho, que se traslada a su actual domicilio. Ampl\u00edan su servicios legales a la variedad que se ofrece [&hellip;]<\/p>","protected":false},"author":4,"featured_media":1072,"parent":0,"menu_order":11,"comment_status":"closed","ping_status":"closed","template":"elementor_header_footer","meta":{"_joinchat":[],"footnotes":""},"class_list":["post-450","page","type-page","status-publish","has-post-thumbnail","hentry"],"yoast_head":"<!-- This site is optimized with the Yoast SEO plugin v24.4 - https:\/\/yoast.com\/wordpress\/plugins\/seo\/ -->\n<title>Sobre nosotros | Marco Abogado<\/title>\n<meta name=\"description\" content=\"Queremos que nos conozcas mejor, as\u00ed que explora esta secci\u00f3n y si\u00e9ntete libre de contactarnos y preguntarnos tus dudas.\" \/>\n<meta name=\"robots\" content=\"index, follow, max-snippet:-1, max-image-preview:large, max-video-preview:-1\" \/>\n<link rel=\"canonical\" href=\"https:\/\/www.marcoabogado.es\/en\/us\/\" \/>\n<meta property=\"og:locale\" content=\"en_US\" \/>\n<meta property=\"og:type\" content=\"article\" \/>\n<meta property=\"og:title\" content=\"Sobre nosotros | Marco Abogado\" \/>\n<meta property=\"og:description\" content=\"Queremos que nos conozcas mejor, as\u00ed que explora esta secci\u00f3n y si\u00e9ntete libre de contactarnos y preguntarnos tus dudas.\" \/>\n<meta property=\"og:url\" content=\"https:\/\/www.marcoabogado.es\/en\/us\/\" \/>\n<meta property=\"og:site_name\" content=\"Marco Abogado\" \/>\n<meta property=\"article:modified_time\" content=\"2024-10-01T10:05:29+00:00\" \/>\n<meta property=\"og:image\" content=\"https:\/\/www.marcoabogado.es\/wp-content\/uploads\/2023\/08\/sin-imagen-destacada-1024x658.png\" \/>\n\t<meta property=\"og:image:width\" content=\"1024\" \/>\n\t<meta property=\"og:image:height\" content=\"658\" \/>\n\t<meta property=\"og:image:type\" content=\"image\/png\" \/>\n<meta name=\"twitter:card\" content=\"summary_large_image\" \/>\n<script type=\"application\/ld+json\" class=\"yoast-schema-graph\">{\"@context\":\"https:\/\/schema.org\",\"@graph\":[{\"@type\":\"WebPage\",\"@id\":\"https:\/\/www.marcoabogado.es\/nosotros\/\",\"url\":\"https:\/\/www.marcoabogado.es\/nosotros\/\",\"name\":\"Sobre nosotros | Marco Abogado\",\"isPartOf\":{\"@id\":\"https:\/\/www.marcoabogado.es\/#website\"},\"primaryImageOfPage\":{\"@id\":\"https:\/\/www.marcoabogado.es\/nosotros\/#primaryimage\"},\"image\":{\"@id\":\"https:\/\/www.marcoabogado.es\/nosotros\/#primaryimage\"},\"thumbnailUrl\":\"https:\/\/www.marcoabogado.es\/wp-content\/uploads\/2023\/08\/sin-imagen-destacada.png\",\"datePublished\":\"2023-03-28T16:42:00+00:00\",\"dateModified\":\"2024-10-01T10:05:29+00:00\",\"description\":\"Queremos que nos conozcas mejor, as\u00ed que explora esta secci\u00f3n y si\u00e9ntete libre de contactarnos y preguntarnos tus dudas.\",\"breadcrumb\":{\"@id\":\"https:\/\/www.marcoabogado.es\/nosotros\/#breadcrumb\"},\"inLanguage\":\"en-US\",\"potentialAction\":[{\"@type\":\"ReadAction\",\"target\":[\"https:\/\/www.marcoabogado.es\/nosotros\/\"]}]},{\"@type\":\"ImageObject\",\"inLanguage\":\"en-US\",\"@id\":\"https:\/\/www.marcoabogado.es\/nosotros\/#primaryimage\",\"url\":\"https:\/\/www.marcoabogado.es\/wp-content\/uploads\/2023\/08\/sin-imagen-destacada.png\",\"contentUrl\":\"https:\/\/www.marcoabogado.es\/wp-content\/uploads\/2023\/08\/sin-imagen-destacada.png\",\"width\":1920,\"height\":1235,\"caption\":\"Sin imagen destacada\"},{\"@type\":\"BreadcrumbList\",\"@id\":\"https:\/\/www.marcoabogado.es\/nosotros\/#breadcrumb\",\"itemListElement\":[{\"@type\":\"ListItem\",\"position\":1,\"name\":\"Inicio\",\"item\":\"https:\/\/www.marcoabogado.es\/\"},{\"@type\":\"ListItem\",\"position\":2,\"name\":\"Sobre nosotros\"}]},{\"@type\":\"WebSite\",\"@id\":\"https:\/\/www.marcoabogado.es\/#website\",\"url\":\"https:\/\/www.marcoabogado.es\/\",\"name\":\"Marco Abogado\",\"description\":\"Su abogado de confianza\",\"publisher\":{\"@id\":\"https:\/\/www.marcoabogado.es\/#organization\"},\"potentialAction\":[{\"@type\":\"SearchAction\",\"target\":{\"@type\":\"EntryPoint\",\"urlTemplate\":\"https:\/\/www.marcoabogado.es\/?s={search_term_string}\"},\"query-input\":{\"@type\":\"PropertyValueSpecification\",\"valueRequired\":true,\"valueName\":\"search_term_string\"}}],\"inLanguage\":\"en-US\"},{\"@type\":\"Organization\",\"@id\":\"https:\/\/www.marcoabogado.es\/#organization\",\"name\":\"Marco Abogado\",\"url\":\"https:\/\/www.marcoabogado.es\/\",\"logo\":{\"@type\":\"ImageObject\",\"inLanguage\":\"en-US\",\"@id\":\"https:\/\/www.marcoabogado.es\/#\/schema\/logo\/image\/\",\"url\":\"https:\/\/www.marcoabogado.es\/wp-content\/uploads\/2023\/03\/marco-2.svg\",\"contentUrl\":\"https:\/\/www.marcoabogado.es\/wp-content\/uploads\/2023\/03\/marco-2.svg\",\"width\":2628,\"height\":455,\"caption\":\"Marco Abogado\"},\"image\":{\"@id\":\"https:\/\/www.marcoabogado.es\/#\/schema\/logo\/image\/\"}}]}<\/script>\n<!-- \/ Yoast SEO plugin. -->","yoast_head_json":{"title":"Sobre nosotros | Marco Abogado","description":"Queremos que nos conozcas mejor, as\u00ed que explora esta secci\u00f3n y si\u00e9ntete libre de contactarnos y preguntarnos tus dudas.","robots":{"index":"index","follow":"follow","max-snippet":"max-snippet:-1","max-image-preview":"max-image-preview:large","max-video-preview":"max-video-preview:-1"},"canonical":"https:\/\/www.marcoabogado.es\/en\/us\/","og_locale":"en_US","og_type":"article","og_title":"Sobre nosotros | Marco Abogado","og_description":"Queremos que nos conozcas mejor, as\u00ed que explora esta secci\u00f3n y si\u00e9ntete libre de contactarnos y preguntarnos tus dudas.","og_url":"https:\/\/www.marcoabogado.es\/en\/us\/","og_site_name":"Marco Abogado","article_modified_time":"2024-10-01T10:05:29+00:00","og_image":[{"width":1024,"height":658,"url":"https:\/\/www.marcoabogado.es\/wp-content\/uploads\/2023\/08\/sin-imagen-destacada-1024x658.png","type":"image\/png"}],"twitter_card":"summary_large_image","schema":{"@context":"https:\/\/schema.org","@graph":[{"@type":"WebPage","@id":"https:\/\/www.marcoabogado.es\/nosotros\/","url":"https:\/\/www.marcoabogado.es\/nosotros\/","name":"Sobre nosotros | Marco Abogado","isPartOf":{"@id":"https:\/\/www.marcoabogado.es\/#website"},"primaryImageOfPage":{"@id":"https:\/\/www.marcoabogado.es\/nosotros\/#primaryimage"},"image":{"@id":"https:\/\/www.marcoabogado.es\/nosotros\/#primaryimage"},"thumbnailUrl":"https:\/\/www.marcoabogado.es\/wp-content\/uploads\/2023\/08\/sin-imagen-destacada.png","datePublished":"2023-03-28T16:42:00+00:00","dateModified":"2024-10-01T10:05:29+00:00","description":"Queremos que nos conozcas mejor, as\u00ed que explora esta secci\u00f3n y si\u00e9ntete libre de contactarnos y preguntarnos tus dudas.","breadcrumb":{"@id":"https:\/\/www.marcoabogado.es\/nosotros\/#breadcrumb"},"inLanguage":"en-US","potentialAction":[{"@type":"ReadAction","target":["https:\/\/www.marcoabogado.es\/nosotros\/"]}]},{"@type":"ImageObject","inLanguage":"en-US","@id":"https:\/\/www.marcoabogado.es\/nosotros\/#primaryimage","url":"https:\/\/www.marcoabogado.es\/wp-content\/uploads\/2023\/08\/sin-imagen-destacada.png","contentUrl":"https:\/\/www.marcoabogado.es\/wp-content\/uploads\/2023\/08\/sin-imagen-destacada.png","width":1920,"height":1235,"caption":"Sin imagen destacada"},{"@type":"BreadcrumbList","@id":"https:\/\/www.marcoabogado.es\/nosotros\/#breadcrumb","itemListElement":[{"@type":"ListItem","position":1,"name":"Inicio","item":"https:\/\/www.marcoabogado.es\/"},{"@type":"ListItem","position":2,"name":"Sobre nosotros"}]},{"@type":"WebSite","@id":"https:\/\/www.marcoabogado.es\/#website","url":"https:\/\/www.marcoabogado.es\/","name":"Marco Abogado","description":"Su abogado de confianza","publisher":{"@id":"https:\/\/www.marcoabogado.es\/#organization"},"potentialAction":[{"@type":"SearchAction","target":{"@type":"EntryPoint","urlTemplate":"https:\/\/www.marcoabogado.es\/?s={search_term_string}"},"query-input":{"@type":"PropertyValueSpecification","valueRequired":true,"valueName":"search_term_string"}}],"inLanguage":"en-US"},{"@type":"Organization","@id":"https:\/\/www.marcoabogado.es\/#organization","name":"Marco Abogado","url":"https:\/\/www.marcoabogado.es\/","logo":{"@type":"ImageObject","inLanguage":"en-US","@id":"https:\/\/www.marcoabogado.es\/#\/schema\/logo\/image\/","url":"https:\/\/www.marcoabogado.es\/wp-content\/uploads\/2023\/03\/marco-2.svg","contentUrl":"https:\/\/www.marcoabogado.es\/wp-content\/uploads\/2023\/03\/marco-2.svg","width":2628,"height":455,"caption":"Marco Abogado"},"image":{"@id":"https:\/\/www.marcoabogado.es\/#\/schema\/logo\/image\/"}}]}},"_links":{"self":[{"href":"https:\/\/www.marcoabogado.es\/en\/wp-json\/wp\/v2\/pages\/450","targetHints":{"allow":["GET"]}}],"collection":[{"href":"https:\/\/www.marcoabogado.es\/en\/wp-json\/wp\/v2\/pages"}],"about":[{"href":"https:\/\/www.marcoabogado.es\/en\/wp-json\/wp\/v2\/types\/page"}],"author":[{"embeddable":true,"href":"https:\/\/www.marcoabogado.es\/en\/wp-json\/wp\/v2\/users\/4"}],"replies":[{"embeddable":true,"href":"https:\/\/www.marcoabogado.es\/en\/wp-json\/wp\/v2\/comments?post=450"}],"version-history":[{"count":5,"href":"https:\/\/www.marcoabogado.es\/en\/wp-json\/wp\/v2\/pages\/450\/revisions"}],"predecessor-version":[{"id":2022,"href":"https:\/\/www.marcoabogado.es\/en\/wp-json\/wp\/v2\/pages\/450\/revisions\/2022"}],"wp:featuredmedia":[{"embeddable":true,"href":"https:\/\/www.marcoabogado.es\/en\/wp-json\/wp\/v2\/media\/1072"}],"wp:attachment":[{"href":"https:\/\/www.marcoabogado.es\/en\/wp-json\/wp\/v2\/media?parent=450"}],"curies":[{"name":"wp","href":"https:\/\/api.w.org\/{rel}","templated":true}]}}